{"id":6543,"date":"2025-09-25T11:01:34","date_gmt":"2025-09-25T09:01:34","guid":{"rendered":"https:\/\/leflocondargent.com\/?page_id=6543"},"modified":"2025-09-25T15:52:28","modified_gmt":"2025-09-25T13:52:28","slug":"reservation","status":"publish","type":"page","link":"https:\/\/leflocondargent.com\/en\/booking\/","title":{"rendered":"Reservation"},"content":{"rendered":"<div data-elementor-type=\"wp-page\" data-elementor-id=\"6543\" class=\"elementor elementor-6543\" data-elementor-post-type=\"page\">\n\t\t\t\t\t\t<section class=\"elementor-section elementor-top-section elementor-element elementor-element-162c4236 elementor-section-stretched elementor-section-boxed elementor-section-height-default elementor-section-height-default\" data-id=\"162c4236\" data-element_type=\"section\" data-settings=\"{&quot;stretch_section&quot;:&quot;section-stretched&quot;,&quot;background_background&quot;:&quot;classic&quot;,&quot;shape_divider_bottom&quot;:&quot;opacity-tilt&quot;,&quot;hoteller_ext_is_background_parallax&quot;:&quot;false&quot;,&quot;hoteller_ext_is_background_backdrop&quot;:&quot;false&quot;,&quot;hoteller_ext_is_background_on_scroll&quot;:&quot;false&quot;}\">\n\t\t\t\t\t\t\t<div class=\"elementor-background-overlay\"><\/div>\n\t\t\t\t\t\t<div class=\"elementor-shape elementor-shape-bottom\" aria-hidden=\"true\" data-negative=\"false\">\n\t\t\t<svg xmlns=\"http:\/\/www.w3.org\/2000\/svg\" viewbox=\"0 0 2600 131.1\" preserveaspectratio=\"none\">\n\t<path class=\"elementor-shape-fill\" d=\"M0 0L2600 0 2600 69.1 0 0z\"\/>\n\t<path class=\"elementor-shape-fill\" style=\"opacity:0.5\" d=\"M0 0L2600 0 2600 69.1 0 69.1z\"\/>\n\t<path class=\"elementor-shape-fill\" style=\"opacity:0.25\" d=\"M2600 0L0 0 0 130.1 2600 69.1z\"\/>\n<\/svg>\t\t<\/div>\n\t\t\t\t\t<div class=\"elementor-container elementor-column-gap-default\">\n\t\t\t\t\t<div class=\"elementor-column elementor-col-100 elementor-top-column elementor-element elementor-element-20a61043\" data-id=\"20a61043\" data-element_type=\"column\" data-settings=\"{&quot;hoteller_ext_link_sidemenu&quot;:&quot;false&quot;,&quot;hoteller_ext_link_fullmenu&quot;:&quot;false&quot;,&quot;hoteller_ext_link_closed_fullmenu&quot;:&quot;false&quot;,&quot;hoteller_ext_is_scrollme&quot;:&quot;false&quot;,&quot;hoteller_ext_is_smoove&quot;:&quot;false&quot;,&quot;hoteller_ext_is_parallax_mouse&quot;:&quot;false&quot;,&quot;hoteller_ext_is_infinite&quot;:&quot;false&quot;,&quot;hoteller_ext_is_fadeout_animation&quot;:&quot;false&quot;,&quot;hoteller_ext_mobile_static&quot;:&quot;false&quot;}\">\n\t\t\t<div class=\"elementor-widget-wrap elementor-element-populated\">\n\t\t\t\t\t\t<div class=\"elementor-element elementor-element-216aa795 elementor-widget__width-inherit elementor-widget elementor-widget-hoteller-animated-text\" data-id=\"216aa795\" data-element_type=\"widget\" data-settings=\"{&quot;hoteller_ext_link_sidemenu&quot;:&quot;false&quot;,&quot;hoteller_ext_link_fullmenu&quot;:&quot;false&quot;,&quot;hoteller_ext_link_closed_fullmenu&quot;:&quot;false&quot;,&quot;hoteller_ext_is_scrollme&quot;:&quot;false&quot;,&quot;hoteller_ext_is_smoove&quot;:&quot;false&quot;,&quot;hoteller_ext_is_parallax_mouse&quot;:&quot;false&quot;,&quot;hoteller_ext_is_infinite&quot;:&quot;false&quot;,&quot;hoteller_ext_is_fadeout_animation&quot;:&quot;false&quot;,&quot;hoteller_ext_mobile_static&quot;:&quot;false&quot;}\" data-widget_type=\"hoteller-animated-text.default\">\n\t\t\t\t<div class=\"elementor-widget-container\">\n\t\t\t\t\t<div class=\"themegoods-animated-text text-alignment-left transition-right overflow-visible\" data-delimiter=\"character\" data-transition=\"50\" data-transition-delay=\"200\" data-transition-duration=\"800\">\n\t\t<h2>\n\t\tReservation\t<\/h2>\n\t<\/div>\t\t\t\t<\/div>\n\t\t\t\t<\/div>\n\t\t\t\t<div class=\"elementor-element elementor-element-19e2efd elementor-widget__width-inherit elementor-widget elementor-widget-hoteller-animated-text\" data-id=\"19e2efd\" data-element_type=\"widget\" data-settings=\"{&quot;hoteller_ext_link_sidemenu&quot;:&quot;false&quot;,&quot;hoteller_ext_link_fullmenu&quot;:&quot;false&quot;,&quot;hoteller_ext_link_closed_fullmenu&quot;:&quot;false&quot;,&quot;hoteller_ext_is_scrollme&quot;:&quot;false&quot;,&quot;hoteller_ext_is_smoove&quot;:&quot;false&quot;,&quot;hoteller_ext_is_parallax_mouse&quot;:&quot;false&quot;,&quot;hoteller_ext_is_infinite&quot;:&quot;false&quot;,&quot;hoteller_ext_is_fadeout_animation&quot;:&quot;false&quot;,&quot;hoteller_ext_mobile_static&quot;:&quot;false&quot;}\" data-widget_type=\"hoteller-animated-text.default\">\n\t\t\t\t<div class=\"elementor-widget-container\">\n\t\t\t\t\t<div class=\"themegoods-animated-text text-alignment-left transition-right overflow-visible\" data-delimiter=\"character\" data-transition=\"50\" data-transition-delay=\"200\" data-transition-duration=\"800\">\n\t\t<h2>\n\t\tAt the best rate\t<\/h2>\n\t<\/div>\t\t\t\t<\/div>\n\t\t\t\t<\/div>\n\t\t\t\t\t<\/div>\n\t\t<\/div>\n\t\t\t\t\t<\/div>\n\t\t<\/section>\n\t\t\t\t<section class=\"elementor-section elementor-top-section elementor-element elementor-element-89d2abb elementor-section-stretched elementor-section-boxed elementor-section-height-default elementor-section-height-default\" data-id=\"89d2abb\" data-element_type=\"section\" data-settings=\"{&quot;background_background&quot;:&quot;classic&quot;,&quot;stretch_section&quot;:&quot;section-stretched&quot;,&quot;hoteller_ext_is_background_parallax&quot;:&quot;false&quot;,&quot;hoteller_ext_is_background_backdrop&quot;:&quot;false&quot;,&quot;hoteller_ext_is_background_on_scroll&quot;:&quot;false&quot;}\">\n\t\t\t\t\t\t\t<div class=\"elementor-background-overlay\"><\/div>\n\t\t\t\t\t\t\t<div class=\"elementor-container elementor-column-gap-default\">\n\t\t\t\t\t<div class=\"elementor-column elementor-col-100 elementor-top-column elementor-element elementor-element-dc61680\" data-id=\"dc61680\" data-element_type=\"column\" data-settings=\"{&quot;hoteller_ext_link_sidemenu&quot;:&quot;false&quot;,&quot;hoteller_ext_link_fullmenu&quot;:&quot;false&quot;,&quot;hoteller_ext_link_closed_fullmenu&quot;:&quot;false&quot;,&quot;hoteller_ext_is_scrollme&quot;:&quot;false&quot;,&quot;hoteller_ext_is_smoove&quot;:&quot;false&quot;,&quot;hoteller_ext_is_parallax_mouse&quot;:&quot;false&quot;,&quot;hoteller_ext_is_infinite&quot;:&quot;false&quot;,&quot;hoteller_ext_is_fadeout_animation&quot;:&quot;false&quot;,&quot;hoteller_ext_mobile_static&quot;:&quot;false&quot;}\">\n\t\t\t<div class=\"elementor-widget-wrap elementor-element-populated\">\n\t\t\t\t\t\t<div class=\"elementor-element elementor-element-2f87758 elementor-widget elementor-widget-html\" data-id=\"2f87758\" data-element_type=\"widget\" data-settings=\"{&quot;hoteller_ext_link_sidemenu&quot;:&quot;false&quot;,&quot;hoteller_ext_link_fullmenu&quot;:&quot;false&quot;,&quot;hoteller_ext_link_closed_fullmenu&quot;:&quot;false&quot;,&quot;hoteller_ext_is_scrollme&quot;:&quot;false&quot;,&quot;hoteller_ext_is_smoove&quot;:&quot;false&quot;,&quot;hoteller_ext_is_parallax_mouse&quot;:&quot;false&quot;,&quot;hoteller_ext_is_infinite&quot;:&quot;false&quot;,&quot;hoteller_ext_is_fadeout_animation&quot;:&quot;false&quot;,&quot;hoteller_ext_mobile_static&quot;:&quot;false&quot;}\" data-widget_type=\"html.default\">\n\t\t\t\t<div class=\"elementor-widget-container\">\n\t\t\t\t\t<style>\n.booking-shell {\n  min-height: 100vh;\n  display: flex;\n  flex-direction: column;\n}\n.booking-frame {\n  flex: 1 1 auto;\n  width: 100%;\n  border: 0;\n  min-height: 80vh; \/* au cas o\u00f9 *\/\n}\n.booking-fallback {\n  text-align: center;\n  margin: 1rem 0 2rem;\n  font-size: 0.95rem;\n}\n<\/style>\n\n<div class=\"booking-shell\">\n  <iframe id=\"thais-iframe\" class=\"booking-frame\" loading=\"eager\" referrerpolicy=\"no-referrer-when-downgrade\"><\/iframe>\n\n  <p class=\"booking-fallback\">\n    If the module is not displayed, \n    <a id=\"booking-direct\" target=\"_top\" rel=\"nofollow noopener\">open the booking page<\/a>.\n  <\/p>\n<\/div>\n\n<script>\n(function () {\n  \/\/ Reprend les param\u00e8tres pass\u00e9s par le modal\n  const params = new URLSearchParams(location.search);\n\n  \/\/ URL Tha\u00efs (m\u00eame que celle g\u00e9n\u00e9r\u00e9e par \"Choisir\")\n  const base = 'https:\/\/leflocondargent.thais-hotel.com\/direct-booking\/calendar';\n  const src  = base + '?' + params.toString();\n\n  \/\/ Alimente l'iframe et le lien de secours\n  const ifr = document.getElementById('thais-iframe');\n  const a   = document.getElementById('booking-direct');\n  if (a) a.href = src;\n\n  \/\/ Charge l'iframe\n  if (ifr) ifr.src = src;\n\n  \/\/ Option: si un header X-Frame-Options bloque l'iframe,\n  \/\/ on laisse le lien de secours visible. (D\u00e9tection fiable\n  \/\/ c\u00f4t\u00e9 client impossible; on s'appuie sur ce fallback UX.)\n})();\n<\/script>\n\t\t\t\t<\/div>\n\t\t\t\t<\/div>\n\t\t\t\t<div class=\"elementor-element elementor-element-3d5b293 elementor-widget elementor-widget-html\" data-id=\"3d5b293\" data-element_type=\"widget\" data-settings=\"{&quot;hoteller_ext_link_sidemenu&quot;:&quot;false&quot;,&quot;hoteller_ext_link_fullmenu&quot;:&quot;false&quot;,&quot;hoteller_ext_link_closed_fullmenu&quot;:&quot;false&quot;,&quot;hoteller_ext_is_scrollme&quot;:&quot;false&quot;,&quot;hoteller_ext_is_smoove&quot;:&quot;false&quot;,&quot;hoteller_ext_is_parallax_mouse&quot;:&quot;false&quot;,&quot;hoteller_ext_is_infinite&quot;:&quot;false&quot;,&quot;hoteller_ext_is_fadeout_animation&quot;:&quot;false&quot;,&quot;hoteller_ext_mobile_static&quot;:&quot;false&quot;}\" data-widget_type=\"html.default\">\n\t\t\t\t<div class=\"elementor-widget-container\">\n\t\t\t\t\t<div\n  class=\"thais_calendar_widget\"\n  data-widget=\"calendar\"\n  data-instance=\"leflocondargent\"\n  data-nb-persons=\"2\"\n  data-open=\"pop-up\"\n  data-nb-months=\"2\"\n  data-lang=\"fr\"\n><\/div>\t\t\t\t<\/div>\n\t\t\t\t<\/div>\n\t\t\t\t<div class=\"elementor-element elementor-element-7e95928 elementor-align-center elementor-widget__width-auto elementor-widget elementor-widget-button\" data-id=\"7e95928\" data-element_type=\"widget\" data-settings=\"{&quot;hoteller_ext_is_smoove&quot;:&quot;true&quot;,&quot;hoteller_ext_smoove_disable&quot;:&quot;769&quot;,&quot;hoteller_ext_smoove_duration&quot;:&quot;800&quot;,&quot;hoteller_ext_smoove_translatey&quot;:{&quot;unit&quot;:&quot;px&quot;,&quot;size&quot;:&quot;30&quot;,&quot;sizes&quot;:[]},&quot;hoteller_ext_link_sidemenu&quot;:&quot;false&quot;,&quot;hoteller_ext_link_fullmenu&quot;:&quot;false&quot;,&quot;hoteller_ext_link_closed_fullmenu&quot;:&quot;false&quot;,&quot;hoteller_ext_is_scrollme&quot;:&quot;false&quot;,&quot;hoteller_ext_smoove_scalex&quot;:{&quot;unit&quot;:&quot;px&quot;,&quot;size&quot;:1,&quot;sizes&quot;:[]},&quot;hoteller_ext_smoove_scaley&quot;:{&quot;unit&quot;:&quot;px&quot;,&quot;size&quot;:1,&quot;sizes&quot;:[]},&quot;hoteller_ext_smoove_rotatex&quot;:{&quot;unit&quot;:&quot;px&quot;,&quot;size&quot;:0,&quot;sizes&quot;:[]},&quot;hoteller_ext_smoove_rotatey&quot;:{&quot;unit&quot;:&quot;px&quot;,&quot;size&quot;:0,&quot;sizes&quot;:[]},&quot;hoteller_ext_smoove_rotatez&quot;:{&quot;unit&quot;:&quot;px&quot;,&quot;size&quot;:0,&quot;sizes&quot;:[]},&quot;hoteller_ext_smoove_translatex&quot;:{&quot;unit&quot;:&quot;px&quot;,&quot;size&quot;:0,&quot;sizes&quot;:[]},&quot;hoteller_ext_smoove_translatez&quot;:{&quot;unit&quot;:&quot;px&quot;,&quot;size&quot;:0,&quot;sizes&quot;:[]},&quot;hoteller_ext_smoove_skewx&quot;:{&quot;unit&quot;:&quot;px&quot;,&quot;size&quot;:0,&quot;sizes&quot;:[]},&quot;hoteller_ext_smoove_skewy&quot;:{&quot;unit&quot;:&quot;px&quot;,&quot;size&quot;:0,&quot;sizes&quot;:[]},&quot;hoteller_ext_smoove_perspective&quot;:{&quot;unit&quot;:&quot;px&quot;,&quot;size&quot;:1000,&quot;sizes&quot;:[]},&quot;hoteller_ext_is_parallax_mouse&quot;:&quot;false&quot;,&quot;hoteller_ext_is_infinite&quot;:&quot;false&quot;,&quot;hoteller_ext_is_fadeout_animation&quot;:&quot;false&quot;,&quot;hoteller_ext_mobile_static&quot;:&quot;false&quot;}\" data-widget_type=\"button.default\">\n\t\t\t\t<div class=\"elementor-widget-container\">\n\t\t\t\t\t\t\t\t\t<div class=\"elementor-button-wrapper\">\n\t\t\t\t\t<a class=\"elementor-button elementor-button-link elementor-size-sm elementor-animation-grow\" href=\"#contact\">\n\t\t\t\t\t\t<span class=\"elementor-button-content-wrapper\">\n\t\t\t\t\t\t<span class=\"elementor-button-icon\">\n\t\t\t\t<svg xmlns=\"http:\/\/www.w3.org\/2000\/svg\" viewbox=\"0 0 640 512\"><path d=\"M480 80C480 35.82 515.8 0 560 0C604.2 0 640 35.82 640 80C640 124.2 604.2 160 560 160C515.8 160 480 124.2 480 80zM560 144C595.3 144 624 115.3 624 80C624 44.65 595.3 16 560 16C524.7 16 496 44.65 496 80C496 115.3 524.7 144 560 144zM412.7 281.7L460.9 202.7C464.1 196.1 472.2 192 480 192C487.8 192 495 196.1 499.1 202.7L631.1 419.1C636.9 428.6 640 439.7 640 450.9C640 484.6 612.6 512 578.9 512H55.91C25.03 512 0 486.1 0 456.1C0 445.6 2.964 435.3 8.551 426.4L225.3 81.01C231.9 70.42 243.5 64 256 64C268.5 64 280.1 70.42 286.8 81.01L412.7 281.7zM422.2 296.9L503.4 426.4C509 435.3 512 445.6 512 456.1C512 471.7 505.6 485.9 495.2 496H578.9C603.8 496 624 475.8 624 450.9C624 442.6 621.7 434.5 617.4 427.4L485.4 211C484.3 209.2 482.2 207.1 480 207.1C477.8 207.1 475.7 209.2 474.6 211L422.2 296.9zM496 456.1C496 448.6 493.9 441.2 489.9 434.9L273.2 89.51C269.5 83.59 262.1 80 256 80C249 80 242.5 83.59 238.8 89.51L22.1 434.9C18.12 441.2 16 448.6 16 456.1C16 478.1 33.87 496 55.91 496H456.1C478.1 496 496 478.1 496 456.1H496z\"><\/path><\/svg>\t\t\t<\/span>\n\t\t\t\t\t\t\t\t\t<span class=\"elementor-button-text\">Contact us<\/span>\n\t\t\t\t\t<\/span>\n\t\t\t\t\t<\/a>\n\t\t\t\t<\/div>\n\t\t\t\t\t\t\t\t<\/div>\n\t\t\t\t<\/div>\n\t\t\t\t\t<\/div>\n\t\t<\/div>\n\t\t\t\t\t<\/div>\n\t\t<\/section>\n\t\t\t\t<\/div>","protected":false},"excerpt":{"rendered":"<p>Book at the best rate If the module is not displayed, open the booking page. Contact us<\/p>","protected":false},"author":1,"featured_media":6286,"parent":0,"menu_order":0,"comment_status":"closed","ping_status":"closed","template":"","meta":{"footnotes":""},"class_list":["post-6543","page","type-page","status-publish","has-post-thumbnail","hentry"],"yoast_head":"<!-- This site is optimized with the Yoast SEO plugin v24.0 - https:\/\/yoast.com\/wordpress\/plugins\/seo\/ -->\n<title>R\u00e9servation - Le Flocon d&#039;Argent | H\u00f4tel aux Gets<\/title>\n<meta name=\"description\" content=\"R\u00e9servation h\u00f4tel restaurant Les Gets Savoie le flocon d&#039;argent r\u00e9serv\u00e9 aux meilleurs tarifs l&#039;h\u00f4tel restaurant le flocon d&#039;argent\" \/>\n<meta name=\"robots\" content=\"index, follow, max-snippet:-1, max-image-preview:large, max-video-preview:-1\" \/>\n<link rel=\"canonical\" href=\"https:\/\/leflocondargent.com\/en\/booking\/\" \/>\n<meta property=\"og:locale\" content=\"en_GB\" \/>\n<meta property=\"og:type\" content=\"article\" \/>\n<meta property=\"og:title\" content=\"R\u00e9servation - Le Flocon d&#039;Argent | H\u00f4tel aux Gets\" \/>\n<meta property=\"og:description\" content=\"R\u00e9servation h\u00f4tel restaurant Les Gets Savoie le flocon d&#039;argent r\u00e9serv\u00e9 aux meilleurs tarifs l&#039;h\u00f4tel restaurant le flocon d&#039;argent\" \/>\n<meta property=\"og:url\" content=\"https:\/\/leflocondargent.com\/en\/booking\/\" \/>\n<meta property=\"og:site_name\" content=\"Le Flocon d&#039;Argent | H\u00f4tel aux Gets\" \/>\n<meta property=\"article:modified_time\" content=\"2025-09-25T13:52:28+00:00\" \/>\n<meta property=\"og:image\" content=\"https:\/\/leflocondargent.com\/wp-content\/uploads\/2025\/08\/hpjsku2uysu.jpg\" \/>\n\t<meta property=\"og:image:width\" content=\"1600\" \/>\n\t<meta property=\"og:image:height\" content=\"1140\" \/>\n\t<meta property=\"og:image:type\" content=\"image\/jpeg\" \/>\n<meta name=\"twitter:card\" content=\"summary_large_image\" \/>\n<meta name=\"twitter:label1\" content=\"Estimated reading time\" \/>\n\t<meta name=\"twitter:data1\" content=\"1 minute\" \/>\n<script type=\"application\/ld+json\" class=\"yoast-schema-graph\">{\"@context\":\"https:\/\/schema.org\",\"@graph\":[{\"@type\":\"WebPage\",\"@id\":\"https:\/\/leflocondargent.com\/reservation\/\",\"url\":\"https:\/\/leflocondargent.com\/reservation\/\",\"name\":\"R\u00e9servation - Le Flocon d&#039;Argent | H\u00f4tel aux Gets\",\"isPartOf\":{\"@id\":\"https:\/\/leflocondargent.com\/#website\"},\"primaryImageOfPage\":{\"@id\":\"https:\/\/leflocondargent.com\/reservation\/#primaryimage\"},\"image\":{\"@id\":\"https:\/\/leflocondargent.com\/reservation\/#primaryimage\"},\"thumbnailUrl\":\"https:\/\/leflocondargent.com\/wp-content\/uploads\/2025\/08\/hpjsku2uysu.jpg\",\"datePublished\":\"2025-09-25T09:01:34+00:00\",\"dateModified\":\"2025-09-25T13:52:28+00:00\",\"description\":\"R\u00e9servation h\u00f4tel restaurant Les Gets Savoie le flocon d'argent r\u00e9serv\u00e9 aux meilleurs tarifs l'h\u00f4tel restaurant le flocon d'argent\",\"breadcrumb\":{\"@id\":\"https:\/\/leflocondargent.com\/reservation\/#breadcrumb\"},\"inLanguage\":\"en-GB\",\"potentialAction\":[{\"@type\":\"ReadAction\",\"target\":[\"https:\/\/leflocondargent.com\/reservation\/\"]}]},{\"@type\":\"ImageObject\",\"inLanguage\":\"en-GB\",\"@id\":\"https:\/\/leflocondargent.com\/reservation\/#primaryimage\",\"url\":\"https:\/\/leflocondargent.com\/wp-content\/uploads\/2025\/08\/hpjsku2uysu.jpg\",\"contentUrl\":\"https:\/\/leflocondargent.com\/wp-content\/uploads\/2025\/08\/hpjsku2uysu.jpg\",\"width\":1600,\"height\":1140,\"caption\":\"business les gets\"},{\"@type\":\"BreadcrumbList\",\"@id\":\"https:\/\/leflocondargent.com\/reservation\/#breadcrumb\",\"itemListElement\":[{\"@type\":\"ListItem\",\"position\":1,\"name\":\"Accueil\",\"item\":\"https:\/\/leflocondargent.com\/\"},{\"@type\":\"ListItem\",\"position\":2,\"name\":\"R\u00e9servation\"}]},{\"@type\":\"WebSite\",\"@id\":\"https:\/\/leflocondargent.com\/#website\",\"url\":\"https:\/\/leflocondargent.com\/\",\"name\":\"Le Flocon d'Argent | H\u00f4tel Restaurant Aux Gets\",\"description\":\"Hotel aux Gets\",\"publisher\":{\"@id\":\"https:\/\/leflocondargent.com\/#organization\"},\"potentialAction\":[{\"@type\":\"SearchAction\",\"target\":{\"@type\":\"EntryPoint\",\"urlTemplate\":\"https:\/\/leflocondargent.com\/?s={search_term_string}\"},\"query-input\":{\"@type\":\"PropertyValueSpecification\",\"valueRequired\":true,\"valueName\":\"search_term_string\"}}],\"inLanguage\":\"en-GB\"},{\"@type\":\"Organization\",\"@id\":\"https:\/\/leflocondargent.com\/#organization\",\"name\":\"Le Flocon d'Argent | H\u00f4tel Restaurant Aux Gets\",\"url\":\"https:\/\/leflocondargent.com\/\",\"logo\":{\"@type\":\"ImageObject\",\"inLanguage\":\"en-GB\",\"@id\":\"https:\/\/leflocondargent.com\/#\/schema\/logo\/image\/\",\"url\":\"https:\/\/leflocondargent.com\/wp-content\/uploads\/2025\/09\/flocon-dargent-10-copie.png\",\"contentUrl\":\"https:\/\/leflocondargent.com\/wp-content\/uploads\/2025\/09\/flocon-dargent-10-copie.png\",\"width\":830,\"height\":703,\"caption\":\"Le Flocon d'Argent | H\u00f4tel Restaurant Aux Gets\"},\"image\":{\"@id\":\"https:\/\/leflocondargent.com\/#\/schema\/logo\/image\/\"}}]}<\/script>\n<!-- \/ Yoast SEO plugin. -->","yoast_head_json":{"title":"R\u00e9servation - Le Flocon d&#039;Argent | H\u00f4tel aux Gets","description":"R\u00e9servation h\u00f4tel restaurant Les Gets Savoie le flocon d'argent r\u00e9serv\u00e9 aux meilleurs tarifs l'h\u00f4tel restaurant le flocon d'argent","robots":{"index":"index","follow":"follow","max-snippet":"max-snippet:-1","max-image-preview":"max-image-preview:large","max-video-preview":"max-video-preview:-1"},"canonical":"https:\/\/leflocondargent.com\/en\/booking\/","og_locale":"en_GB","og_type":"article","og_title":"R\u00e9servation - Le Flocon d&#039;Argent | H\u00f4tel aux Gets","og_description":"R\u00e9servation h\u00f4tel restaurant Les Gets Savoie le flocon d'argent r\u00e9serv\u00e9 aux meilleurs tarifs l'h\u00f4tel restaurant le flocon d'argent","og_url":"https:\/\/leflocondargent.com\/en\/booking\/","og_site_name":"Le Flocon d&#039;Argent | H\u00f4tel aux Gets","article_modified_time":"2025-09-25T13:52:28+00:00","og_image":[{"width":1600,"height":1140,"url":"https:\/\/leflocondargent.com\/wp-content\/uploads\/2025\/08\/hpjsku2uysu.jpg","type":"image\/jpeg"}],"twitter_card":"summary_large_image","twitter_misc":{"Estimated reading time":"1 minute"},"schema":{"@context":"https:\/\/schema.org","@graph":[{"@type":"WebPage","@id":"https:\/\/leflocondargent.com\/reservation\/","url":"https:\/\/leflocondargent.com\/reservation\/","name":"R\u00e9servation - Le Flocon d&#039;Argent | H\u00f4tel aux Gets","isPartOf":{"@id":"https:\/\/leflocondargent.com\/#website"},"primaryImageOfPage":{"@id":"https:\/\/leflocondargent.com\/reservation\/#primaryimage"},"image":{"@id":"https:\/\/leflocondargent.com\/reservation\/#primaryimage"},"thumbnailUrl":"https:\/\/leflocondargent.com\/wp-content\/uploads\/2025\/08\/hpjsku2uysu.jpg","datePublished":"2025-09-25T09:01:34+00:00","dateModified":"2025-09-25T13:52:28+00:00","description":"R\u00e9servation h\u00f4tel restaurant Les Gets Savoie le flocon d'argent r\u00e9serv\u00e9 aux meilleurs tarifs l'h\u00f4tel restaurant le flocon d'argent","breadcrumb":{"@id":"https:\/\/leflocondargent.com\/reservation\/#breadcrumb"},"inLanguage":"en-GB","potentialAction":[{"@type":"ReadAction","target":["https:\/\/leflocondargent.com\/reservation\/"]}]},{"@type":"ImageObject","inLanguage":"en-GB","@id":"https:\/\/leflocondargent.com\/reservation\/#primaryimage","url":"https:\/\/leflocondargent.com\/wp-content\/uploads\/2025\/08\/hpjsku2uysu.jpg","contentUrl":"https:\/\/leflocondargent.com\/wp-content\/uploads\/2025\/08\/hpjsku2uysu.jpg","width":1600,"height":1140,"caption":"business les gets"},{"@type":"BreadcrumbList","@id":"https:\/\/leflocondargent.com\/reservation\/#breadcrumb","itemListElement":[{"@type":"ListItem","position":1,"name":"Accueil","item":"https:\/\/leflocondargent.com\/"},{"@type":"ListItem","position":2,"name":"R\u00e9servation"}]},{"@type":"WebSite","@id":"https:\/\/leflocondargent.com\/#website","url":"https:\/\/leflocondargent.com\/","name":"Le Flocon d'Argent | H\u00f4tel Restaurant Aux Gets","description":"Hotel aux Gets","publisher":{"@id":"https:\/\/leflocondargent.com\/#organization"},"potentialAction":[{"@type":"SearchAction","target":{"@type":"EntryPoint","urlTemplate":"https:\/\/leflocondargent.com\/?s={search_term_string}"},"query-input":{"@type":"PropertyValueSpecification","valueRequired":true,"valueName":"search_term_string"}}],"inLanguage":"en-GB"},{"@type":"Organization","@id":"https:\/\/leflocondargent.com\/#organization","name":"Le Flocon d'Argent | H\u00f4tel Restaurant Aux Gets","url":"https:\/\/leflocondargent.com\/","logo":{"@type":"ImageObject","inLanguage":"en-GB","@id":"https:\/\/leflocondargent.com\/#\/schema\/logo\/image\/","url":"https:\/\/leflocondargent.com\/wp-content\/uploads\/2025\/09\/flocon-dargent-10-copie.png","contentUrl":"https:\/\/leflocondargent.com\/wp-content\/uploads\/2025\/09\/flocon-dargent-10-copie.png","width":830,"height":703,"caption":"Le Flocon d'Argent | H\u00f4tel Restaurant Aux Gets"},"image":{"@id":"https:\/\/leflocondargent.com\/#\/schema\/logo\/image\/"}}]}},"_links":{"self":[{"href":"https:\/\/leflocondargent.com\/en\/wp-json\/wp\/v2\/pages\/6543","targetHints":{"allow":["GET"]}}],"collection":[{"href":"https:\/\/leflocondargent.com\/en\/wp-json\/wp\/v2\/pages"}],"about":[{"href":"https:\/\/leflocondargent.com\/en\/wp-json\/wp\/v2\/types\/page"}],"author":[{"embeddable":true,"href":"https:\/\/leflocondargent.com\/en\/wp-json\/wp\/v2\/users\/1"}],"replies":[{"embeddable":true,"href":"https:\/\/leflocondargent.com\/en\/wp-json\/wp\/v2\/comments?post=6543"}],"version-history":[{"count":0,"href":"https:\/\/leflocondargent.com\/en\/wp-json\/wp\/v2\/pages\/6543\/revisions"}],"wp:featuredmedia":[{"embeddable":true,"href":"https:\/\/leflocondargent.com\/en\/wp-json\/wp\/v2\/media\/6286"}],"wp:attachment":[{"href":"https:\/\/leflocondargent.com\/en\/wp-json\/wp\/v2\/media?parent=6543"}],"curies":[{"name":"wp","href":"https:\/\/api.w.org\/{rel}","templated":true}]}}